{"id":8,"date":"2022-09-22T10:27:32","date_gmt":"2022-09-22T10:27:32","guid":{"rendered":"https:\/\/quienquierevivirdelarte.com\/sitio\/about-us\/"},"modified":"2022-09-29T18:04:15","modified_gmt":"2022-09-29T18:04:15","slug":"como-jugar","status":"publish","type":"page","link":"https:\/\/quienquierevivirdelarte.com\/sitio\/como-jugar\/","title":{"rendered":"C\u00f3mo jugar?"},"content":{"rendered":"<div class=\"boldgrid-section\">\n<div class=\"container\">\n<div class=\"row\" style=\"padding-top: 42px;\">\n<div class=\"col-md-6 col-xs-12 col-sm-12 col-lg-6\">\n<h3 class=\"\">\u00bfDe qu\u00e9 se trata?<\/h3>\n<p class=\"\"><strong>\u00bfQui\u00e9n quiere vivir del Arte?<\/strong>&nbsp;es un juego de mesa que te permite conocer y usar a tu favor el sistema de arte, sus roles y organizaciones juntando trayectoria, perfilando tu trabajo y recibiendo remuneraci\u00f3n.<\/p>\n<p class=\"\">Recorre el tablero, participando de eventos y organizaciones, recibe remuneraci\u00f3n por tu trabajo, contratando a los otros jugadores hasta <em>perfilar tu ROL<\/em>, <em>juntar m\u00e1s a\u00f1os de Trayectoria<\/em> y <em>alcanzar el Presupuesto para financiar tus jugadas<\/em>.<\/p>\n<p class=\"\"><strong>\u00bfVamos a jugar?.<\/strong><\/p>\n<p class=\"\">&nbsp;<\/p>\n<p class=\"\"><a class=\"button-primary btn btn-color-1 btn-border-color-1 btn btn-color-1 btn-border-color-1\" href=\"https:\/\/quienquierevivirdelarte.com\/sitio\/donde-conseguirlo\/\">\u00bfD\u00f3nde Conseguir el juego?<\/a><\/p>\n<\/div>\n<div class=\"col-md-6 col-xs-12 col-sm-12 col-lg-6\">\n<p class=\"mod-img\"><img loading=\"lazy\" decoding=\"async\" class=\"alignnone wp-image-163 size-full\" src=\"https:\/\/quienquierevivirdelarte.com\/sitio\/wp-content\/uploads\/2022\/09\/TODOS-LOS-ELEMENTOS-600X450.png\" alt=\"\" width=\"600\" height=\"450\" data-imhwpb-asset-id=\"780426\" srcset=\"https:\/\/quienquierevivirdelarte.com\/sitio\/wp-content\/uploads\/2022\/09\/TODOS-LOS-ELEMENTOS-600X450.png 600w, https:\/\/quienquierevivirdelarte.com\/sitio\/wp-content\/uploads\/2022\/09\/TODOS-LOS-ELEMENTOS-600X450-300x225.png 300w, https:\/\/quienquierevivirdelarte.com\/sitio\/wp-content\/uploads\/2022\/09\/TODOS-LOS-ELEMENTOS-600X450-250x188.png 250w, https:\/\/quienquierevivirdelarte.com\/sitio\/wp-content\/uploads\/2022\/09\/TODOS-LOS-ELEMENTOS-600X450-550x413.png 550w, https:\/\/quienquierevivirdelarte.com\/sitio\/wp-content\/uploads\/2022\/09\/TODOS-LOS-ELEMENTOS-600X450-240x180.png 240w, https:\/\/quienquierevivirdelarte.com\/sitio\/wp-content\/uploads\/2022\/09\/TODOS-LOS-ELEMENTOS-600X450-400x300.png 400w\" sizes=\"auto, (max-width: 600px) 100vw, 600px\" \/><\/p>\n<\/div>\n<\/div>\n<\/div>\n<\/div>\n<div class=\"boldgrid-section\">\n<div class=\"container\">\n<div class=\"row\" style=\"border-width: 0px; background-image: linear-gradient(to left, #eeeeee, #eeeeee); padding-top: 12px;\" data-bg-color-1=\"#EEEEEE\" data-bg-color-2=\"#EEEEEE\" data-bg-direction=\"to left\">\n<div class=\"col-md-12 col-xs-12 col-sm-12 col-lg-6\">\n<div style=\"border-width: 0px;\" class=\"\">\n<h4 class=\"\">\u00bfC\u00f3mo jugar?<\/h4>\n<p class=\"\">Como en la mayor\u00eda de los juegos de mesa, primero se lanzan los dados para saber quien tiene el primer turno.<\/p>\n<p class=\"\">Luego vas avanzando por el tablero de acuerdo al resultado de los dados, decidiendo si quieres participar en una organizaci\u00f3n o evento.<\/p>\n<p class=\"\">Cada casillero tiene una Carta que explica cu\u00e1les opciones tienes, las opciones m\u00e1s comunes son:<\/p>\n<ul class=\"\">\n<li>recibir remuneraci\u00f3n por tu trabajo.<\/li>\n<li>pagar el costo de alg\u00fan servicio.<\/li>\n<li>sumar a\u00f1os de trayectoria.<\/li>\n<li>seleccionar un area de experiencia.<\/li>\n<li>contratar a otros jugadores.<\/li>\n<\/ul>\n<p class=\"\">\u00bfSimple? Si, pero las <strong>Cartas de Suerte y Derecho<\/strong> pueden afectar tu estrategia y tu presupuesto. (Incluso puedes caer en una crisis existencial, como en la vida, no?)<\/p>\n<\/div>\n<\/div>\n<div class=\"col-lg-6 col-md-6 col-sm-12 col-xs-12\">\n<h4 class=\"\">\u00bfC\u00f3mo est\u00e1 compuesto?<\/h4>\n<p class=\"\">El juego <strong>\u00bfQui\u00e9n quiere vivir del Arte?<\/strong> est\u00e1 compuesto por<\/p>\n<ul class=\"\">\n<li>un <strong>Tablero<\/strong>, con casillas de organizaciones y eventos.<\/li>\n<li>las <strong>Tarjetas de Rol, <\/strong>con las que podr\u00e1s elegir qu\u00e9 perfil eliges para jugar.<\/li>\n<li>la <strong>Tarjeta de Trayectoria<\/strong>, para llevar tu puntaje.<\/li>\n<li>3 mazos: <strong>Cartas de Tablero<\/strong> (26), <strong>Cartas de Suerte<\/strong> (20) y <strong>Cartas de Derechos <\/strong>(20).<\/li>\n<li>el <strong>Manual de Juego<\/strong>, que incluye informaci\u00f3n sobre las reglas, jugadas y todo lo que necesitas para participar.<\/li>\n<li>el <strong>Dinero<\/strong>, con el podr\u00e1s comprar, pagar, contratar y financiar tu participaci\u00f3n.<\/li>\n<\/ul>\n<p class=\"\">Adem\u00e1s se incluyen 2 dados, fichas para marcar la Tarjeta de Trayectoria y 8 personajes para ir avanzando en el tablero.<\/p>\n<p class=\"\"><strong>Cantidad de participantes<\/strong>: 2 a 8 personas. Recomendado: 4 personas \/&nbsp;<strong>Tiempo de juego estimado<\/strong>: entre 1 y 2 horas. <strong>Edad +8<\/strong>.<\/p>\n<\/div>\n<\/div>\n<\/div>\n<\/div>\n<div class=\"boldgrid-section\">\n<div class=\"container\">\n<div class=\"row\">\n<div class=\"col-md-12 col-xs-12 col-sm-12 col-lg-12\"><\/div>\n<\/div>\n<\/div>\n<\/div>\n<div class=\"boldgrid-section\">\n<div class=\"container\">\n<div class=\"row\">\n<div class=\"col-md-12 col-xs-12 col-sm-12 col-lg-12\"><\/div>\n<\/div>\n<\/div>\n<\/div>\n<div class=\"boldgrid-section\">\n<div class=\"container\">\n<div class=\"row\">\n<div class=\"col-md-12 col-xs-12 col-sm-12 col-lg-12\"><\/div>\n<\/div>\n<\/div>\n<\/div>\n<div class=\"boldgrid-section\">\n<div class=\"container\">\n<div class=\"row\">\n<div class=\"col-md-4 col-xs-12 col-sm-12 col-lg-4\">\n<p class=\"mod-img\"><img loading=\"lazy\" decoding=\"async\" class=\"alignnone wp-image-164 size-full\" src=\"https:\/\/quienquierevivirdelarte.com\/sitio\/wp-content\/uploads\/2022\/09\/TABLERO-360X200.png\" alt=\"\" width=\"360\" height=\"200\" data-imhwpb-built-photo-search=\"14|landscape\" srcset=\"https:\/\/quienquierevivirdelarte.com\/sitio\/wp-content\/uploads\/2022\/09\/TABLERO-360X200.png 360w, https:\/\/quienquierevivirdelarte.com\/sitio\/wp-content\/uploads\/2022\/09\/TABLERO-360X200-300x167.png 300w, https:\/\/quienquierevivirdelarte.com\/sitio\/wp-content\/uploads\/2022\/09\/TABLERO-360X200-250x139.png 250w, https:\/\/quienquierevivirdelarte.com\/sitio\/wp-content\/uploads\/2022\/09\/TABLERO-360X200-324x180.png 324w\" sizes=\"auto, (max-width: 360px) 100vw, 360px\" \/><\/p>\n<h3 class=\"\">El Tablero.<\/h3>\n<p class=\"\">En el Tablero de juego encontrar\u00e1s <strong>casillas de organizaciones y eventos<\/strong> en los que puedes participar. Estas casillas est\u00e1n marcada con el color de la <em>Area de Experiencia<\/em> que otorgan.&nbsp;<\/p>\n<p class=\"\">Adem\u00e1s hay <strong>casillas de Suerte y Derecho<\/strong> que se juegan con una carta, la <strong>casilla Aceleraci\u00f3n de Trayectoria<\/strong> que te hace avanzar mucho m\u00e1s r\u00e1pido y la <strong>casilla Crisis Existencial<\/strong>, donde puedes ir de visita o llegar por una carta.<\/p>\n<\/div>\n<div class=\"col-md-4 col-xs-12 col-sm-12 col-lg-4\">\n<p class=\"mod-img\"><img loading=\"lazy\" decoding=\"async\" class=\"alignnone wp-image-165 size-full\" src=\"https:\/\/quienquierevivirdelarte.com\/sitio\/wp-content\/uploads\/2022\/09\/TARJETAS-ROLES-360X200.png\" alt=\"\" width=\"360\" height=\"200\" data-imhwpb-built-photo-search=\"14|landscape\" srcset=\"https:\/\/quienquierevivirdelarte.com\/sitio\/wp-content\/uploads\/2022\/09\/TARJETAS-ROLES-360X200.png 360w, https:\/\/quienquierevivirdelarte.com\/sitio\/wp-content\/uploads\/2022\/09\/TARJETAS-ROLES-360X200-300x167.png 300w, https:\/\/quienquierevivirdelarte.com\/sitio\/wp-content\/uploads\/2022\/09\/TARJETAS-ROLES-360X200-250x139.png 250w, https:\/\/quienquierevivirdelarte.com\/sitio\/wp-content\/uploads\/2022\/09\/TARJETAS-ROLES-360X200-324x180.png 324w\" sizes=\"auto, (max-width: 360px) 100vw, 360px\" \/><\/p>\n<h3 class=\"\">Los Roles.<\/h3>\n<p class=\"\">El rol que eliges al inicio del juego es muy importante, de \u00e9l depende que perfil debes completar en las Areas de Experiencia.<br \/>\nLos<strong> Roles disponibles<\/strong> en esta versi\u00f3n del juego son: Artista, Curador\/a, Gestor\/a, Investigador\/a, Galerista, y Educador\/a.<\/p>\n<\/div>\n<div class=\"col-md-4 col-xs-12 col-sm-12 col-lg-4\">\n<p class=\"mod-img\"><img loading=\"lazy\" decoding=\"async\" class=\"alignnone wp-image-166 size-full\" src=\"https:\/\/quienquierevivirdelarte.com\/sitio\/wp-content\/uploads\/2022\/09\/TARJETA-TRAYECTORIA-360X200.png\" alt=\"\" width=\"360\" height=\"200\" data-imhwpb-built-photo-search=\"14|landscape\" srcset=\"https:\/\/quienquierevivirdelarte.com\/sitio\/wp-content\/uploads\/2022\/09\/TARJETA-TRAYECTORIA-360X200.png 360w, https:\/\/quienquierevivirdelarte.com\/sitio\/wp-content\/uploads\/2022\/09\/TARJETA-TRAYECTORIA-360X200-300x167.png 300w, https:\/\/quienquierevivirdelarte.com\/sitio\/wp-content\/uploads\/2022\/09\/TARJETA-TRAYECTORIA-360X200-250x139.png 250w, https:\/\/quienquierevivirdelarte.com\/sitio\/wp-content\/uploads\/2022\/09\/TARJETA-TRAYECTORIA-360X200-324x180.png 324w\" sizes=\"auto, (max-width: 360px) 100vw, 360px\" \/><\/p>\n<h3 class=\"\">La Tarjeta de Trayectoria.<\/h3>\n<p class=\"\">En la Tarjeta de Trayectoria ir\u00e1s anotando tus avances en el perfilamiento de tu rol, usando las <strong>\u00c1reas de Experiencia<\/strong>, anotar\u00e1s los <strong>a\u00f1os de trayectoria<\/strong> que vas acumulando en cada vuelta y tambi\u00e9n si perteneces a una Asociaci\u00f3n o Sindicato de Arte entre otras cosas.<\/p>\n<\/div>\n<\/div>\n<div class=\"row\">\n<div class=\"col-md-4 col-xs-12 col-sm-12 col-lg-4\">\n<p class=\"mod-img\"><img loading=\"lazy\" decoding=\"async\" class=\"alignnone wp-image-167 size-full\" src=\"https:\/\/quienquierevivirdelarte.com\/sitio\/wp-content\/uploads\/2022\/09\/BILLETES-360X200.png\" alt=\"\" width=\"360\" height=\"200\" data-imhwpb-built-photo-search=\"14|landscape\" srcset=\"https:\/\/quienquierevivirdelarte.com\/sitio\/wp-content\/uploads\/2022\/09\/BILLETES-360X200.png 360w, https:\/\/quienquierevivirdelarte.com\/sitio\/wp-content\/uploads\/2022\/09\/BILLETES-360X200-300x167.png 300w, https:\/\/quienquierevivirdelarte.com\/sitio\/wp-content\/uploads\/2022\/09\/BILLETES-360X200-250x139.png 250w, https:\/\/quienquierevivirdelarte.com\/sitio\/wp-content\/uploads\/2022\/09\/BILLETES-360X200-324x180.png 324w\" sizes=\"auto, (max-width: 360px) 100vw, 360px\" \/><\/p>\n<h3 class=\"\">El dinero.<\/h3>\n<p class=\"\">Con el dinero que vayas obteniendo como remuneraci\u00f3n de tu trabajo en organizaciones o participaci\u00f3n en eventos vas a ir formando un presupuesto para financiar la contrataci\u00f3n de otros jugadores, el pago de servicios o impuestos, entre otros.<\/p>\n<\/div>\n<div class=\"col-md-4 col-xs-12 col-sm-12 col-lg-4\">\n<p class=\"mod-img\"><img loading=\"lazy\" decoding=\"async\" class=\"alignnone wp-image-168 size-full\" src=\"https:\/\/quienquierevivirdelarte.com\/sitio\/wp-content\/uploads\/2022\/09\/TARJETAS-SUERTE-DERECHOS-360X200.png\" alt=\"\" width=\"360\" height=\"200\" data-imhwpb-built-photo-search=\"14|landscape\" srcset=\"https:\/\/quienquierevivirdelarte.com\/sitio\/wp-content\/uploads\/2022\/09\/TARJETAS-SUERTE-DERECHOS-360X200.png 360w, https:\/\/quienquierevivirdelarte.com\/sitio\/wp-content\/uploads\/2022\/09\/TARJETAS-SUERTE-DERECHOS-360X200-300x167.png 300w, https:\/\/quienquierevivirdelarte.com\/sitio\/wp-content\/uploads\/2022\/09\/TARJETAS-SUERTE-DERECHOS-360X200-250x139.png 250w, https:\/\/quienquierevivirdelarte.com\/sitio\/wp-content\/uploads\/2022\/09\/TARJETAS-SUERTE-DERECHOS-360X200-324x180.png 324w\" sizes=\"auto, (max-width: 360px) 100vw, 360px\" \/><\/p>\n<h3 class=\"\">Cartas de Suerte y Derechos.<\/h3>\n<p class=\"\">Estas cartas pueden acelerar o complicar tu estrategia de juego. Algunas suman a\u00f1os de trayectoria, otras te permiten formar una Asociaci\u00f3n de Arte, e incluso obtener ingresos extras por la trayectoria que has acumulado.<\/p>\n<\/div>\n<div class=\"col-md-4 col-xs-12 col-sm-12 col-lg-4\">\n<p class=\"mod-img\"><img loading=\"lazy\" decoding=\"async\" class=\"alignnone wp-image-169 size-full\" src=\"https:\/\/quienquierevivirdelarte.com\/sitio\/wp-content\/uploads\/2022\/09\/MANUAL-360X200.png\" alt=\"\" width=\"360\" height=\"200\" data-imhwpb-built-photo-search=\"14|landscape\" srcset=\"https:\/\/quienquierevivirdelarte.com\/sitio\/wp-content\/uploads\/2022\/09\/MANUAL-360X200.png 360w, https:\/\/quienquierevivirdelarte.com\/sitio\/wp-content\/uploads\/2022\/09\/MANUAL-360X200-300x167.png 300w, https:\/\/quienquierevivirdelarte.com\/sitio\/wp-content\/uploads\/2022\/09\/MANUAL-360X200-250x139.png 250w, https:\/\/quienquierevivirdelarte.com\/sitio\/wp-content\/uploads\/2022\/09\/MANUAL-360X200-324x180.png 324w\" sizes=\"auto, (max-width: 360px) 100vw, 360px\" \/><\/p>\n<h3 class=\"\">El Manual de Juego.<\/h3>\n<p class=\"\">Ac\u00e1 hacemos un resumen y descripci\u00f3n de los elementos del juego, de las jugadas que puedes hacer al participar en una organizaci\u00f3n o evento, y c\u00f3mo saber qui\u00e9n o como ganar el juego.<\/p>\n<\/div>\n<\/div>\n<div class=\"row\" style=\"padding-top: 12px;\">\n<div class=\"col-lg-12 col-md-12 col-xs-12 col-sm-12\" style=\"text-align: right;\">\n<p class=\"\"><a class=\"button-primary btn btn-color-1 btn-border-color-1 btn btn-color-1 btn-border-color-1\" href=\"https:\/\/quienquierevivirdelarte.com\/sitio\/donde-conseguirlo\/\">\u00bfD\u00f3nde Conseguir el juego?<\/a><\/p>\n<\/div>\n<\/div>\n<\/div>\n<\/div>\n","protected":false},"excerpt":{"rendered":"<p>\u00bfDe qu\u00e9 se trata? \u00bfQui\u00e9n quiere vivir del Arte?&nbsp;es un juego de mesa que te permite conocer y usar a tu favor el sistema de arte, sus roles y organizaciones<\/p>\n<div class=\"read-more\"><a class=\"btn button-secondary\" href=\"https:\/\/quienquierevivirdelarte.com\/sitio\/como-jugar\/\">Read More<\/a><\/div>\n","protected":false},"author":1,"featured_media":0,"parent":0,"menu_order":0,"comment_status":"closed","ping_status":"closed","template":"","meta":{"bgseo_title":"","bgseo_description":"","bgseo_robots_index":"index","bgseo_robots_follow":"follow","crio-premium-page-header-override":null,"crio-premium-page-header-select":"none","crio-premium-page-header-featured-image-background":"","crio-premium-page-header-background":"","footnotes":""},"class_list":["post-8","page","type-page","status-publish"],"aioseo_notices":[],"_links":{"self":[{"href":"https:\/\/quienquierevivirdelarte.com\/sitio\/wp-json\/wp\/v2\/pages\/8","targetHints":{"allow":["GET"]}}],"collection":[{"href":"https:\/\/quienquierevivirdelarte.com\/sitio\/wp-json\/wp\/v2\/pages"}],"about":[{"href":"https:\/\/quienquierevivirdelarte.com\/sitio\/wp-json\/wp\/v2\/types\/page"}],"author":[{"embeddable":true,"href":"https:\/\/quienquierevivirdelarte.com\/sitio\/wp-json\/wp\/v2\/users\/1"}],"replies":[{"embeddable":true,"href":"https:\/\/quienquierevivirdelarte.com\/sitio\/wp-json\/wp\/v2\/comments?post=8"}],"version-history":[{"count":10,"href":"https:\/\/quienquierevivirdelarte.com\/sitio\/wp-json\/wp\/v2\/pages\/8\/revisions"}],"predecessor-version":[{"id":198,"href":"https:\/\/quienquierevivirdelarte.com\/sitio\/wp-json\/wp\/v2\/pages\/8\/revisions\/198"}],"wp:attachment":[{"href":"https:\/\/quienquierevivirdelarte.com\/sitio\/wp-json\/wp\/v2\/media?parent=8"}],"curies":[{"name":"wp","href":"https:\/\/api.w.org\/{rel}","templated":true}]}}