{"id":9,"date":"2022-09-22T10:27:32","date_gmt":"2022-09-22T10:27:32","guid":{"rendered":"https:\/\/quienquierevivirdelarte.com\/sitio\/clients\/"},"modified":"2025-05-05T21:41:26","modified_gmt":"2025-05-05T21:41:26","slug":"donde-conseguirlo","status":"publish","type":"page","link":"https:\/\/quienquierevivirdelarte.com\/sitio\/donde-conseguirlo\/","title":{"rendered":"D\u00f3nde conseguirlo?"},"content":{"rendered":"<div class=\"boldgrid-section\">\n<div class=\"container\"><\/div>\n<\/div>\n<div class=\"boldgrid-section\">\n<div class=\"container\">\n<div class=\"row\">\n<div class=\"col-md-7 col-margin-bottom col-xs-12 col-sm-12 col-lg-7\">\n<h2 class=\"\">VENTA del Juego para Am\u00e9rica Latina!<\/h2>\n<h4 class=\"\">&nbsp;<\/h4>\n<h4 class=\"gridblock\">&nbsp;<\/h4>\n<\/div>\n<div class=\"col-md-4 text-center col-margin-bottom col-xs-12 col-sm-12 col-lg-5\">\n<p class=\"mod-img\"><img loading=\"lazy\" decoding=\"async\" class=\"wp-image-172 size-full aligncenter\" src=\"https:\/\/quienquierevivirdelarte.com\/sitio\/wp-content\/uploads\/2022\/09\/TODOS-LOS-ELEMENTOS-300X300-1.png\" alt=\"\" width=\"300\" height=\"300\" data-imhwpb-built-photo-search=\"52|landscape\" srcset=\"https:\/\/quienquierevivirdelarte.com\/sitio\/wp-content\/uploads\/2022\/09\/TODOS-LOS-ELEMENTOS-300X300-1.png 300w, https:\/\/quienquierevivirdelarte.com\/sitio\/wp-content\/uploads\/2022\/09\/TODOS-LOS-ELEMENTOS-300X300-1-150x150.png 150w, https:\/\/quienquierevivirdelarte.com\/sitio\/wp-content\/uploads\/2022\/09\/TODOS-LOS-ELEMENTOS-300X300-1-48x48.png 48w, https:\/\/quienquierevivirdelarte.com\/sitio\/wp-content\/uploads\/2022\/09\/TODOS-LOS-ELEMENTOS-300X300-1-250x250.png 250w, https:\/\/quienquierevivirdelarte.com\/sitio\/wp-content\/uploads\/2022\/09\/TODOS-LOS-ELEMENTOS-300X300-1-180x180.png 180w\" sizes=\"auto, (max-width: 300px) 100vw, 300px\" \/><\/p>\n<\/div>\n<\/div>\n<\/div>\n<\/div>\n<div class=\"boldgrid-section\">\n<div class=\"container\">\n<div class=\"row\" style=\"padding-top: 15px; padding-bottom: 33px; border-width: 0px; background-image: linear-gradient(to left, #eeeeee, #eeeeee);\" data-bg-color-1=\"#EEEEEE\" data-bg-color-2=\"#EEEEEE\" data-bg-direction=\"to left\">\n<div class=\"col-lg-6 col-md-12 col-xs-12 col-sm-12\">\n<h2 class=\"\">QUIERO EL JUEGO!!.<\/h2>\n<p class=\"\">Si no alcanzaste a comprar el juego en la preventa&#8230; esta es tu oportunidad! Inscribete hoy y <strong>rec\u00edbelo en<\/strong> <strong>menos de 15 d\u00edas!<\/strong><\/p>\n<h4 class=\"\">Precios de Venta para esta campa\u00f1a:<\/h4>\n<ul class=\"\">\n<li><strong>Argentina<\/strong>. <strong>AR$35.000.<\/strong>&#8211; + gastos de env\u00edo (AR$7.000 aprox.)<\/li>\n<li><strong>Brasil<\/strong>. <strong>R$200.-<\/strong> + gastos de env\u00edo (R$40 aprox.) &nbsp;<strong><a href=\"https:\/\/www.quemquerviverdearte.com\/site\/onde-conseguir\/\" target=\"_blank\" rel=\"noopener\">use o formul\u00e1rio em portugu\u00eas<\/a><\/strong><\/li>\n<\/ul>\n<p class=\"\"><strong>consulta tambi\u00e9n para env\u00edo a los siguientes pa\u00edses:&nbsp;<\/strong><\/p>\n<ul class=\"\">\n<li><strong>Chile<\/strong>. <strong>CL$35.000.-<\/strong> + gastos de env\u00edo (CL$6.000 aprox.)<\/li>\n<li><strong>Colombia<\/strong>. <strong>CO$150.000.-<\/strong> + gastos de env\u00edo (C0$10.000 aprox.)<\/li>\n<li><strong>M\u00e9xico<\/strong>. <strong>MX$700.<\/strong> + gastos de env\u00edo (MX$100 aprox.)<\/li>\n<\/ul>\n<h4 class=\"\">Condiciones de la Venta.<\/h4>\n<ul class=\"\">\n<li>Los <strong>precios no incluyen el env\u00edo por correo<\/strong> al domicilio que ingresas en el formulario de compra.<\/li>\n<li>los gastos de envio se informan al momento de hacer la compra.&nbsp;<\/li>\n<\/ul>\n<p class=\"\"><strong>Disponible en toda latinoam\u00e9rica y el Caribe<\/strong>. Precio de referencia para otros Pa\u00edses: US$30, equivalente en moneda nacional.&nbsp;<\/p>\n<p class=\"\">Los tiempos de entrega en cada pa\u00eds pueden variar, dependiendo de las empresas que distribuyen localmente.<\/p>\n<\/div>\n<div class=\"col-lg-6 col-md-6 col-sm-12 col-xs-12 color3-background-color color-3-text-contrast bg-background-color\" style=\"border-width: 0px;\">\n<h4 class=\"\">FORMAS DE PAGO:<\/h4>\n<ul class=\"\">\n<li><strong>Dep\u00f3sito en Cuenta Corriente<\/strong> (disponible en Argentina, Brasil, Chile y M\u00e9xico).<\/li>\n<li>Transferencia <strong>Paypal<\/strong>, <strong>Global66 <\/strong>o<strong> Western Union.<\/strong>*<\/li>\n<li><strong>Tarjeta de Cr\u00e9dito<\/strong> (via paypal, excepto en Argentina).<\/li>\n<\/ul>\n<p class=\"\">* las transferencias por este medio cobran una comisi\u00f3n extra que no est\u00e1 incluida en el precio del juego.<\/p>\n<p class=\"\"><em>IMPORTANTE: El dinero recaudado con cada venta servir\u00e1 para pagar los costos de producci\u00f3n del juego y el mantenimiento b\u00e1sico del sitio y herramientas de Trabajadores de Arte &#8211; latinoam\u00e9rica.<\/em><\/p>\n<h2 class=\"\">&nbsp;<\/h2>\n<h2 class=\"\" style=\"text-align: center;\">\u00bfC\u00d3MO FUE LA PREVENTA 2022?<\/h2>\n<p class=\"\">Durante el mes de octubre de 2022 realizamos la<strong> Preventa del juego \u00bfQui\u00e9n quiere vivir del Arte?&nbsp;<\/strong> con un precio especial e incluyendo los gastos de env\u00edo por correo a tu domicilio.<\/p>\n<h4 class=\"gridblock\">Ya hemos producido y distribuido m\u00e1s de 200 juegos por toda latinoam\u00e9rica!<\/h4>\n<\/div>\n<\/div>\n<\/div>\n<\/div>\n<div class=\"boldgrid-section\">\n<div class=\"container\">\n<div class=\"row\">\n<div class=\"col-md-12 col-xs-12 col-sm-12 col-lg-12\" style=\"text-align: center;\">\n<p class=\"\">&nbsp;<\/p>\n<p class=\"\"><iframe loading=\"lazy\" style=\"border: 0; box-shadow: 5px 5px 56px 0px rgba(0,0,0,0.25);\" src=\"https:\/\/forms.monday.com\/forms\/embed\/ddf79ade352248da85155e414e93c694?r=use1\" width=\"100%\" height=\"600\"><span data-mce-type=\"bookmark\" style=\"display: inline-block; width: 0px; overflow: hidden; line-height: 0;\" class=\"mce_SELRES_start\">\ufeff<\/span><\/iframe><\/p>\n<\/div>\n<\/div>\n<div class=\"row\">\n<div class=\"col-lg-12 col-md-12 col-xs-12 col-sm-12\"><\/div>\n<\/div>\n<div class=\"row\">\n<div class=\"col-lg-12 col-md-12 col-xs-12 col-sm-12\"><\/div>\n<\/div>\n<div class=\"row\">\n<div class=\"row\">\n<div class=\"col-lg-12 col-md-12 col-xs-12 col-sm-12\" style=\"text-align: center;\"><\/div>\n<\/div>\n<div class=\"row\" style=\"border-width: 0px;\" data-bg-color-1=\"#EEEEEE\" data-bg-color-2=\"#EEEEEE\" data-bg-direction=\"to left\">\n<div class=\"col-lg-12 col-md-12 col-xs-12 col-sm-12 color3-background-color color-3-text-contrast bg-background-color\" style=\"border-width: 0px;\">\n<div class=\"col-md-3 col-sm-6 text-center col-xs-12 col-lg-6\" style=\"border-width: 0px;\">\n<div>\n<p class=\"mod-img color-3-text-contrast color3-background-color\" style=\"border-width: 0px; margin-left: auto; margin-right: auto;\"><img loading=\"lazy\" decoding=\"async\" class=\"alignnone wp-image-173 size-full\" src=\"https:\/\/quienquierevivirdelarte.com\/sitio\/wp-content\/uploads\/2022\/09\/PUNTO-DE-VENTA-300X300.png\" alt=\"\" width=\"300\" height=\"300\" data-imhwpb-asset-id=\"780822\" srcset=\"https:\/\/quienquierevivirdelarte.com\/sitio\/wp-content\/uploads\/2022\/09\/PUNTO-DE-VENTA-300X300.png 300w, https:\/\/quienquierevivirdelarte.com\/sitio\/wp-content\/uploads\/2022\/09\/PUNTO-DE-VENTA-300X300-150x150.png 150w, https:\/\/quienquierevivirdelarte.com\/sitio\/wp-content\/uploads\/2022\/09\/PUNTO-DE-VENTA-300X300-48x48.png 48w, https:\/\/quienquierevivirdelarte.com\/sitio\/wp-content\/uploads\/2022\/09\/PUNTO-DE-VENTA-300X300-250x250.png 250w, https:\/\/quienquierevivirdelarte.com\/sitio\/wp-content\/uploads\/2022\/09\/PUNTO-DE-VENTA-300X300-180x180.png 180w\" sizes=\"auto, (max-width: 300px) 100vw, 300px\" \/><\/p>\n<h4>Puntos de Venta.<\/h4>\n<p class=\"\">Estamos conformando una red de distribuci\u00f3n del juego \u00bf<strong>Qui\u00e9n quiere vivir del Arte?<\/strong><br \/>\nSi tienes inter\u00e9s en formar parte y colaborar en distribuirlo, entra en contacto con nosotros al mail <a href=\"mailto:contacto@quienquierevivirdelarte.com\" target=\"_blank\" rel=\"noopener\">contacto@quienquierevivirdelarte.com<\/a>.<\/p>\n<\/div>\n<\/div>\n<div class=\"col-md-3 col-sm-6 text-center col-xs-12 col-lg-5\" style=\"border-width: 0px;\">\n<div>\n<p class=\"mod-img\"><img loading=\"lazy\" decoding=\"async\" class=\"alignnone wp-image-174 size-full\" src=\"https:\/\/quienquierevivirdelarte.com\/sitio\/wp-content\/uploads\/2022\/09\/ORGANIZACIONES-EDUCATIVAS-300X300.png\" alt=\"\" width=\"300\" height=\"300\" data-imhwpb-asset-id=\"780823\" srcset=\"https:\/\/quienquierevivirdelarte.com\/sitio\/wp-content\/uploads\/2022\/09\/ORGANIZACIONES-EDUCATIVAS-300X300.png 300w, https:\/\/quienquierevivirdelarte.com\/sitio\/wp-content\/uploads\/2022\/09\/ORGANIZACIONES-EDUCATIVAS-300X300-150x150.png 150w, https:\/\/quienquierevivirdelarte.com\/sitio\/wp-content\/uploads\/2022\/09\/ORGANIZACIONES-EDUCATIVAS-300X300-48x48.png 48w, https:\/\/quienquierevivirdelarte.com\/sitio\/wp-content\/uploads\/2022\/09\/ORGANIZACIONES-EDUCATIVAS-300X300-250x250.png 250w, https:\/\/quienquierevivirdelarte.com\/sitio\/wp-content\/uploads\/2022\/09\/ORGANIZACIONES-EDUCATIVAS-300X300-180x180.png 180w\" sizes=\"auto, (max-width: 300px) 100vw, 300px\" \/><\/p>\n<h4 class=\"\">Organizaciones Educativas.<\/h4>\n<p class=\"\">Si trabajas en una instituci\u00f3n u organizaci\u00f3n educativa y tienes inter\u00e9s en usar el Juego \u00bf<strong>Qui\u00e9n quiere vivir del Arte?<\/strong><br \/>\nEntra en contacto con nosotros al mail <a href=\"mailto:contacto@quienquierevivirdelarte.com\" target=\"_blank\" rel=\"noopener\">contacto@quienquierevivirdelarte.com<\/a> . Tenemos descuentos especiales para ustedes.<\/p>\n<\/div>\n<\/div>\n<\/div>\n<\/div>\n<\/div>\n<\/div>\n<div class=\"boldgrid-section\">\n<div class=\"container\">\n<div class=\"row\">\n<div class=\"col-md-12 col-xs-12 col-sm-12 col-lg-6\"><\/div>\n<div class=\"col-md-12 col-xs-12 col-sm-12 col-lg-6\">\n<p class=\"\">&nbsp;<\/p>\n<\/div>\n<\/div>\n<\/div>\n<\/div>\n<\/div>\n","protected":false},"excerpt":{"rendered":"<p>VENTA del Juego para Am\u00e9rica Latina! &nbsp; &nbsp; QUIERO EL JUEGO!!. Si no alcanzaste a comprar el juego en la preventa&#8230; esta es tu oportunidad! Inscribete hoy y rec\u00edbelo en<\/p>\n<div class=\"read-more\"><a class=\"btn button-secondary\" href=\"https:\/\/quienquierevivirdelarte.com\/sitio\/donde-conseguirlo\/\">Read More<\/a><\/div>\n","protected":false},"author":1,"featured_media":0,"parent":0,"menu_order":0,"comment_status":"closed","ping_status":"closed","template":"","meta":{"bgseo_title":"","bgseo_description":"","bgseo_robots_index":"index","bgseo_robots_follow":"follow","crio-premium-page-header-override":null,"crio-premium-page-header-select":"none","crio-premium-page-header-featured-image-background":"0","crio-premium-page-header-background":"","footnotes":""},"class_list":["post-9","page","type-page","status-publish"],"aioseo_notices":[],"_links":{"self":[{"href":"https:\/\/quienquierevivirdelarte.com\/sitio\/wp-json\/wp\/v2\/pages\/9","targetHints":{"allow":["GET"]}}],"collection":[{"href":"https:\/\/quienquierevivirdelarte.com\/sitio\/wp-json\/wp\/v2\/pages"}],"about":[{"href":"https:\/\/quienquierevivirdelarte.com\/sitio\/wp-json\/wp\/v2\/types\/page"}],"author":[{"embeddable":true,"href":"https:\/\/quienquierevivirdelarte.com\/sitio\/wp-json\/wp\/v2\/users\/1"}],"replies":[{"embeddable":true,"href":"https:\/\/quienquierevivirdelarte.com\/sitio\/wp-json\/wp\/v2\/comments?post=9"}],"version-history":[{"count":10,"href":"https:\/\/quienquierevivirdelarte.com\/sitio\/wp-json\/wp\/v2\/pages\/9\/revisions"}],"predecessor-version":[{"id":287,"href":"https:\/\/quienquierevivirdelarte.com\/sitio\/wp-json\/wp\/v2\/pages\/9\/revisions\/287"}],"wp:attachment":[{"href":"https:\/\/quienquierevivirdelarte.com\/sitio\/wp-json\/wp\/v2\/media?parent=9"}],"curies":[{"name":"wp","href":"https:\/\/api.w.org\/{rel}","templated":true}]}}